{"id":852,"date":"2024-02-03T11:56:06","date_gmt":"2024-02-03T11:56:06","guid":{"rendered":"https:\/\/groupe-mumtaz.fr\/?page_id=852"},"modified":"2024-02-08T15:39:37","modified_gmt":"2024-02-08T15:39:37","slug":"metallerie","status":"publish","type":"page","link":"https:\/\/gprparisien.com\/?page_id=852","title":{"rendered":"Metallerie"},"content":{"rendered":"<p>GPR Parisien vous propose diff\u00e9rentes prestations en <strong>M\u00e9tallerie <\/strong><strong>Fabrication sur mesure garde-corps, escaliers, Portes et fen\u00eatres en m\u00e9talFabrication et installation de portes, fen\u00eatres et fa\u00e7ades en m\u00e9tal pour des projets r\u00e9sidentiels, commerciaux et industriels, offrant s\u00e9curit\u00e9, esth\u00e9tique et efficacit\u00e9 \u00e9nerg\u00e9tique. <\/strong><\/p>\n<p>Cl\u00f4tures et portails Conception, fabrication et installation de cl\u00f4tures, portails et barri\u00e8res m\u00e9talliques pour d\u00e9limiter et s\u00e9curiser les propri\u00e9t\u00e9s r\u00e9sidentielles, commerciales et industrielles.<\/p>\n<p>La qualit\u00e9 de notre travail est irr\u00e9prochable et nos clients sont tr\u00e8s satisfaits du r\u00e9sultat professionnel de nos r\u00e9novations. Nos techniciens sont tr\u00e8s qualifi\u00e9s (Exp\u00e9rience +15 ans)<\/p>\n<p>Nous travaillons avec ces fournisseur\u00a0: <strong>METAL ESSOR\u00a0, HX METAL<\/strong><\/p>\n<style>\/*! elementor - v3.13.2 - 11-05-2023 *\/\n.elementor-widget-image-carousel .swiper,.elementor-widget-image-carousel .swiper-container{position:static}.elementor-widget-image-carousel .swiper-container .swiper-slide figure,.elementor-widget-image-carousel .swiper .swiper-slide figure{line-height:inherit}.elementor-widget-image-carousel .swiper-slide{text-align:center}.elementor-image-carousel-wrapper:not(.swiper-container-initialized):not(.swiper-initialized) .swiper-slide{max-width:calc(100% \/ var(--e-image-carousel-slides-to-show, 3))}<\/style>\n<figure><img decoding=\"async\" src=\"https:\/\/gprparisien.com\/wp-content\/uploads\/2024\/02\/m-02-150x150.webp\" alt=\"m-02\" \/><\/figure>\n<figure><img decoding=\"async\" src=\"https:\/\/gprparisien.com\/wp-content\/uploads\/2024\/02\/m-03-150x150.webp\" alt=\"m-03\" \/><\/figure>\n<p>\t\t\t\t\t\t\t\t\t\t\t\tPrevious image<br \/>\n\t\t\t\t\t\t\t\t\t\t\t\tNext image<\/p>\n","protected":false},"excerpt":{"rendered":"<p>GPR Parisien vous propose diff\u00e9rentes prestations en M\u00e9tallerie Fabrication sur mesure garde-corps, escaliers, Portes et fen\u00eatres en m\u00e9talFabrication et installation<\/p>\n","protected":false},"author":1,"featured_media":0,"parent":0,"menu_order":0,"comment_status":"closed","ping_status":"closed","template":"","meta":{"footnotes":""},"class_list":["post-852","page","type-page","status-publish","hentry"],"_links":{"self":[{"href":"https:\/\/gprparisien.com\/index.php?rest_route=\/wp\/v2\/pages\/852","targetHints":{"allow":["GET"]}}],"collection":[{"href":"https:\/\/gprparisien.com\/index.php?rest_route=\/wp\/v2\/pages"}],"about":[{"href":"https:\/\/gprparisien.com\/index.php?rest_route=\/wp\/v2\/types\/page"}],"author":[{"embeddable":true,"href":"https:\/\/gprparisien.com\/index.php?rest_route=\/wp\/v2\/users\/1"}],"replies":[{"embeddable":true,"href":"https:\/\/gprparisien.com\/index.php?rest_route=%2Fwp%2Fv2%2Fcomments&post=852"}],"version-history":[{"count":11,"href":"https:\/\/gprparisien.com\/index.php?rest_route=\/wp\/v2\/pages\/852\/revisions"}],"predecessor-version":[{"id":1119,"href":"https:\/\/gprparisien.com\/index.php?rest_route=\/wp\/v2\/pages\/852\/revisions\/1119"}],"wp:attachment":[{"href":"https:\/\/gprparisien.com\/index.php?rest_route=%2Fwp%2Fv2%2Fmedia&parent=852"}],"curies":[{"name":"wp","href":"https:\/\/api.w.org\/{rel}","templated":true}]}}