{"id":851,"date":"2024-02-03T11:56:00","date_gmt":"2024-02-03T11:56:00","guid":{"rendered":"https:\/\/groupe-mumtaz.fr\/?page_id=851"},"modified":"2024-02-08T15:39:22","modified_gmt":"2024-02-08T15:39:22","slug":"menuiserie","status":"publish","type":"page","link":"https:\/\/gprparisien.com\/?page_id=851","title":{"rendered":"Menuiserie"},"content":{"rendered":"<p>GPR Parisien vous propose diff\u00e9rentes prestations de service en <strong>Menuiserie . Nous sommes comp\u00e9tents en vous conseiller d\u2019effectuer tous les travaux menuiserie\u00a0 int\u00e9rieurs (escaliers, portes, placards, cloisons, etc.). Sp\u00e9cialiste du bois, le menuisier travaille aussi avec du PVC, du lamell\u00e9-coll\u00e9, des panneaux de fibres et de l\u2019aluminium.<\/strong><\/p>\n<p>Nous r\u00e9novons \u00e9galement les parties communes et avons une d\u00e9coratrice pour tous type de projet souhait\u00e9.<\/p>\n<p>La qualit\u00e9 de notre travail est irr\u00e9prochable et nos clients sont tr\u00e8s satisfaits du r\u00e9sultat professionnel de nos r\u00e9novations. Nos menuisers sont tr\u00e8s qualifi\u00e9s (Exp\u00e9rience +15 ans)<\/p>\n<p>Nous travaillons avec ce fournisseur\u00a0: LAPEYRE<\/p>\n<style>\/*! elementor - v3.13.2 - 11-05-2023 *\/\n.elementor-widget-image-carousel .swiper,.elementor-widget-image-carousel .swiper-container{position:static}.elementor-widget-image-carousel .swiper-container .swiper-slide figure,.elementor-widget-image-carousel .swiper .swiper-slide figure{line-height:inherit}.elementor-widget-image-carousel .swiper-slide{text-align:center}.elementor-image-carousel-wrapper:not(.swiper-container-initialized):not(.swiper-initialized) .swiper-slide{max-width:calc(100% \/ var(--e-image-carousel-slides-to-show, 3))}<\/style>\n<figure><img decoding=\"async\" src=\"https:\/\/gprparisien.com\/wp-content\/uploads\/2024\/02\/m-1-150x150.webp\" alt=\"m-1\" \/><\/figure>\n","protected":false},"excerpt":{"rendered":"<p>GPR Parisien vous propose diff\u00e9rentes prestations de service en Menuiserie . Nous sommes comp\u00e9tents en vous conseiller d\u2019effectuer tous les<\/p>\n","protected":false},"author":1,"featured_media":0,"parent":0,"menu_order":0,"comment_status":"closed","ping_status":"closed","template":"","meta":{"footnotes":""},"class_list":["post-851","page","type-page","status-publish","hentry"],"_links":{"self":[{"href":"https:\/\/gprparisien.com\/index.php?rest_route=\/wp\/v2\/pages\/851","targetHints":{"allow":["GET"]}}],"collection":[{"href":"https:\/\/gprparisien.com\/index.php?rest_route=\/wp\/v2\/pages"}],"about":[{"href":"https:\/\/gprparisien.com\/index.php?rest_route=\/wp\/v2\/types\/page"}],"author":[{"embeddable":true,"href":"https:\/\/gprparisien.com\/index.php?rest_route=\/wp\/v2\/users\/1"}],"replies":[{"embeddable":true,"href":"https:\/\/gprparisien.com\/index.php?rest_route=%2Fwp%2Fv2%2Fcomments&post=851"}],"version-history":[{"count":14,"href":"https:\/\/gprparisien.com\/index.php?rest_route=\/wp\/v2\/pages\/851\/revisions"}],"predecessor-version":[{"id":1116,"href":"https:\/\/gprparisien.com\/index.php?rest_route=\/wp\/v2\/pages\/851\/revisions\/1116"}],"wp:attachment":[{"href":"https:\/\/gprparisien.com\/index.php?rest_route=%2Fwp%2Fv2%2Fmedia&parent=851"}],"curies":[{"name":"wp","href":"https:\/\/api.w.org\/{rel}","templated":true}]}}