{"id":850,"date":"2024-02-03T11:55:54","date_gmt":"2024-02-03T11:55:54","guid":{"rendered":"https:\/\/groupe-mumtaz.fr\/?page_id=850"},"modified":"2024-02-08T15:33:00","modified_gmt":"2024-02-08T15:33:00","slug":"electricite","status":"publish","type":"page","link":"https:\/\/gprparisien.com\/?page_id=850","title":{"rendered":"Electricit\u00e9"},"content":{"rendered":"<p>GPR Parisien vous propose diff\u00e9rentes prestations de service en <strong>ELECTRICIT\u00c9. Nous sommes comp\u00e9tents en vous conseiller d\u2019effectuer tous les travaux d&#8217;installations \u00e9lectriques et de raccordement d&#8217;appareils \u00e9lectriques dans diverses sp\u00e9cialit\u00e9s : \u00e9clairage, ventilation, confort thermique, r\u00e9seaux de distribution et de communication, s\u00e9curit\u00e9, gestion technique des b\u00e2timents.<\/strong><\/p>\n<p>Nous r\u00e9novons \u00e9galement les parties communes et avons une d\u00e9coratrice pour tous type de electrict\u00e9 souhait\u00e9.<\/p>\n<p>La qualit\u00e9 de notre travail est irr\u00e9prochable et nos clients sont tr\u00e8s satisfaits du r\u00e9sultat professionnel de nos r\u00e9novations. Nos \u00e9lectriciens sont tr\u00e8s qualifi\u00e9s (Exp\u00e9rience +15 ans)<\/p>\n<p>Nous travaillons avec ces marques: <strong>LE GRAND, SCHENEIDER, HAGER, ARNOULD<\/strong><\/p>\n<style>\/*! elementor - v3.13.2 - 11-05-2023 *\/\n.elementor-widget-image-carousel .swiper,.elementor-widget-image-carousel .swiper-container{position:static}.elementor-widget-image-carousel .swiper-container .swiper-slide figure,.elementor-widget-image-carousel .swiper .swiper-slide figure{line-height:inherit}.elementor-widget-image-carousel .swiper-slide{text-align:center}.elementor-image-carousel-wrapper:not(.swiper-container-initialized):not(.swiper-initialized) .swiper-slide{max-width:calc(100% \/ var(--e-image-carousel-slides-to-show, 3))}<\/style>\n<figure><img decoding=\"async\" src=\"https:\/\/gprparisien.com\/wp-content\/uploads\/2024\/02\/P001-150x150.webp\" alt=\"P001\" \/><\/figure>\n<figure><img decoding=\"async\" src=\"https:\/\/gprparisien.com\/wp-content\/uploads\/2024\/02\/P002-150x150.webp\" alt=\"P002\" \/><\/figure>\n<figure><img decoding=\"async\" src=\"https:\/\/gprparisien.com\/wp-content\/uploads\/2024\/02\/P003-150x150.webp\" alt=\"P003\" \/><\/figure>\n<figure><img decoding=\"async\" src=\"https:\/\/gprparisien.com\/wp-content\/uploads\/2024\/02\/P004-150x150.webp\" alt=\"P004\" \/><\/figure>\n<p>\t\t\t\t\t\t\t\t\t\t\t\tPrevious image<br \/>\n\t\t\t\t\t\t\t\t\t\t\t\tNext image<\/p>\n","protected":false},"excerpt":{"rendered":"<p>GPR Parisien vous propose diff\u00e9rentes prestations de service en ELECTRICIT\u00c9. Nous sommes comp\u00e9tents en vous conseiller d\u2019effectuer tous les travaux<\/p>\n","protected":false},"author":1,"featured_media":0,"parent":0,"menu_order":0,"comment_status":"closed","ping_status":"closed","template":"","meta":{"footnotes":""},"class_list":["post-850","page","type-page","status-publish","hentry"],"_links":{"self":[{"href":"https:\/\/gprparisien.com\/index.php?rest_route=\/wp\/v2\/pages\/850","targetHints":{"allow":["GET"]}}],"collection":[{"href":"https:\/\/gprparisien.com\/index.php?rest_route=\/wp\/v2\/pages"}],"about":[{"href":"https:\/\/gprparisien.com\/index.php?rest_route=\/wp\/v2\/types\/page"}],"author":[{"embeddable":true,"href":"https:\/\/gprparisien.com\/index.php?rest_route=\/wp\/v2\/users\/1"}],"replies":[{"embeddable":true,"href":"https:\/\/gprparisien.com\/index.php?rest_route=%2Fwp%2Fv2%2Fcomments&post=850"}],"version-history":[{"count":12,"href":"https:\/\/gprparisien.com\/index.php?rest_route=\/wp\/v2\/pages\/850\/revisions"}],"predecessor-version":[{"id":1095,"href":"https:\/\/gprparisien.com\/index.php?rest_route=\/wp\/v2\/pages\/850\/revisions\/1095"}],"wp:attachment":[{"href":"https:\/\/gprparisien.com\/index.php?rest_route=%2Fwp%2Fv2%2Fmedia&parent=850"}],"curies":[{"name":"wp","href":"https:\/\/api.w.org\/{rel}","templated":true}]}}