{"id":839,"date":"2024-02-03T11:54:22","date_gmt":"2024-02-03T11:54:22","guid":{"rendered":"https:\/\/groupe-mumtaz.fr\/?page_id=839"},"modified":"2024-02-08T15:22:26","modified_gmt":"2024-02-08T15:22:26","slug":"plomberie","status":"publish","type":"page","link":"https:\/\/gprparisien.com\/?page_id=839","title":{"rendered":"Plomberie"},"content":{"rendered":"<p>GPR Parisien vous propose diff\u00e9rentes prestations de service en <strong>PLOMBERIE . Nous sommes comp\u00e9tents en vous conseiller la plomberie (installation de canalisation, ballon d&#8217;eau chaude, chaudi\u00e8re, salle de bain, cuisine&#8230;)L\u2019assainissement (remplacement de fonte en cave, pompe de relevage, WC chimique, descente pluviale&#8230;)<\/strong><\/p>\n<p>Nous r\u00e9novons \u00e9galement les parties communes et avons une d\u00e9coratrice pour tous type de rev\u00eatement de sol souhait\u00e9.<\/p>\n<p>La qualit\u00e9 de notre travail est irr\u00e9prochable et nos clients sont tr\u00e8s satisfaits du r\u00e9sultat professionnel de nos r\u00e9novations. Nos Plombiers sont tr\u00e8s qualifi\u00e9s (Exp\u00e9rience +20 ans)<\/p>\n<p>Nous travaillons avec ces marques: <strong>GROHE,GEBERIT,JACOB DELAFON,PORCHER<\/strong><\/p>\n<style>\/*! elementor - v3.13.2 - 11-05-2023 *\/\n.elementor-widget-image-carousel .swiper,.elementor-widget-image-carousel .swiper-container{position:static}.elementor-widget-image-carousel .swiper-container .swiper-slide figure,.elementor-widget-image-carousel .swiper .swiper-slide figure{line-height:inherit}.elementor-widget-image-carousel .swiper-slide{text-align:center}.elementor-image-carousel-wrapper:not(.swiper-container-initialized):not(.swiper-initialized) .swiper-slide{max-width:calc(100% \/ var(--e-image-carousel-slides-to-show, 3))}<\/style>\n<figure><img decoding=\"async\" src=\"https:\/\/gprparisien.com\/wp-content\/uploads\/2024\/02\/P1-150x150.webp\" alt=\"P1\" \/><\/figure>\n<figure><img decoding=\"async\" src=\"https:\/\/gprparisien.com\/wp-content\/uploads\/2024\/02\/P2-150x150.webp\" alt=\"P2\" \/><\/figure>\n<figure><img decoding=\"async\" src=\"https:\/\/gprparisien.com\/wp-content\/uploads\/2024\/02\/P3-150x150.webp\" alt=\"P3\" \/><\/figure>\n<figure><img decoding=\"async\" src=\"https:\/\/gprparisien.com\/wp-content\/uploads\/2024\/02\/P4-150x150.webp\" alt=\"P4\" \/><\/figure>\n<p>\t\t\t\t\t\t\t\t\t\t\t\tPrevious image<br \/>\n\t\t\t\t\t\t\t\t\t\t\t\tNext image<\/p>\n","protected":false},"excerpt":{"rendered":"<p>GPR Parisien vous propose diff\u00e9rentes prestations de service en PLOMBERIE . Nous sommes comp\u00e9tents en vous conseiller la plomberie (installation<\/p>\n","protected":false},"author":1,"featured_media":0,"parent":0,"menu_order":0,"comment_status":"closed","ping_status":"closed","template":"","meta":{"footnotes":""},"class_list":["post-839","page","type-page","status-publish","hentry"],"_links":{"self":[{"href":"https:\/\/gprparisien.com\/index.php?rest_route=\/wp\/v2\/pages\/839","targetHints":{"allow":["GET"]}}],"collection":[{"href":"https:\/\/gprparisien.com\/index.php?rest_route=\/wp\/v2\/pages"}],"about":[{"href":"https:\/\/gprparisien.com\/index.php?rest_route=\/wp\/v2\/types\/page"}],"author":[{"embeddable":true,"href":"https:\/\/gprparisien.com\/index.php?rest_route=\/wp\/v2\/users\/1"}],"replies":[{"embeddable":true,"href":"https:\/\/gprparisien.com\/index.php?rest_route=%2Fwp%2Fv2%2Fcomments&post=839"}],"version-history":[{"count":8,"href":"https:\/\/gprparisien.com\/index.php?rest_route=\/wp\/v2\/pages\/839\/revisions"}],"predecessor-version":[{"id":1080,"href":"https:\/\/gprparisien.com\/index.php?rest_route=\/wp\/v2\/pages\/839\/revisions\/1080"}],"wp:attachment":[{"href":"https:\/\/gprparisien.com\/index.php?rest_route=%2Fwp%2Fv2%2Fmedia&parent=839"}],"curies":[{"name":"wp","href":"https:\/\/api.w.org\/{rel}","templated":true}]}}