{"id":836,"date":"2024-02-03T11:52:23","date_gmt":"2024-02-03T11:52:23","guid":{"rendered":"https:\/\/groupe-mumtaz.fr\/?page_id=836"},"modified":"2024-02-08T10:14:10","modified_gmt":"2024-02-08T10:14:10","slug":"revetements-sol-souples","status":"publish","type":"page","link":"https:\/\/gprparisien.com\/?page_id=836","title":{"rendered":"Revetement De Sol"},"content":{"rendered":"<p>GPR Parisien vous propose diff\u00e9rentes prestations de service en <strong>Rev\u00eatement de sol souple . Nous sommes comp\u00e9tents en vous conseiller le rev\u00eatement le plus adapt\u00e9 \u00e0 votre int\u00e9rieur. Choisissez parmi une vaste s\u00e9lection de sol pvc, Moquette, motifs et formats vari\u00e9s, s\u2019alliant parfaitement \u00e0 tout type d&#8217;am\u00e9nagement et pi\u00e8ce de vie :<\/strong><\/p>\n<p>Nous r\u00e9novons \u00e9galement les parties communes et avons une d\u00e9coratrice pour tous type de rev\u00eatement de sol souhait\u00e9.<\/p>\n<p>La qualit\u00e9 de notre travail est irr\u00e9prochable et nos clients sont tr\u00e8s satisfaits du r\u00e9sultat professionnel de nos r\u00e9novations. Nos poseurs sont tr\u00e8s qualifi\u00e9s (Exp\u00e9rience +20 ans)<\/p>\n<p>Nous travaillons avec ces marques: <strong>FORBO\u00a0, TARKET\u00a0,GERFLOR, IVC.<\/strong><\/p>\n<style>\/*! elementor - v3.13.2 - 11-05-2023 *\/\n.elementor-widget-image-carousel .swiper,.elementor-widget-image-carousel .swiper-container{position:static}.elementor-widget-image-carousel .swiper-container .swiper-slide figure,.elementor-widget-image-carousel .swiper .swiper-slide figure{line-height:inherit}.elementor-widget-image-carousel .swiper-slide{text-align:center}.elementor-image-carousel-wrapper:not(.swiper-container-initialized):not(.swiper-initialized) .swiper-slide{max-width:calc(100% \/ var(--e-image-carousel-slides-to-show, 3))}<\/style>\n<figure><img decoding=\"async\" src=\"https:\/\/gprparisien.com\/wp-content\/uploads\/2024\/02\/r1-150x150.webp\" alt=\"r1\" \/><\/figure>\n<figure><img decoding=\"async\" src=\"https:\/\/gprparisien.com\/wp-content\/uploads\/2024\/02\/r2-150x150.webp\" alt=\"r2\" \/><\/figure>\n<figure><img decoding=\"async\" src=\"https:\/\/gprparisien.com\/wp-content\/uploads\/2024\/02\/r3-1-150x150.webp\" alt=\"r3\" \/><\/figure>\n<figure><img decoding=\"async\" src=\"https:\/\/gprparisien.com\/wp-content\/uploads\/2024\/02\/r4-1-150x150.webp\" alt=\"r4\" \/><\/figure>\n<p>\t\t\t\t\t\t\t\t\t\t\t\tPrevious image<br \/>\n\t\t\t\t\t\t\t\t\t\t\t\tNext image<\/p>\n","protected":false},"excerpt":{"rendered":"<p>GPR Parisien vous propose diff\u00e9rentes prestations de service en Rev\u00eatement de sol souple . Nous sommes comp\u00e9tents en vous conseiller<\/p>\n","protected":false},"author":1,"featured_media":0,"parent":0,"menu_order":0,"comment_status":"closed","ping_status":"closed","template":"","meta":{"footnotes":""},"class_list":["post-836","page","type-page","status-publish","hentry"],"_links":{"self":[{"href":"https:\/\/gprparisien.com\/index.php?rest_route=\/wp\/v2\/pages\/836","targetHints":{"allow":["GET"]}}],"collection":[{"href":"https:\/\/gprparisien.com\/index.php?rest_route=\/wp\/v2\/pages"}],"about":[{"href":"https:\/\/gprparisien.com\/index.php?rest_route=\/wp\/v2\/types\/page"}],"author":[{"embeddable":true,"href":"https:\/\/gprparisien.com\/index.php?rest_route=\/wp\/v2\/users\/1"}],"replies":[{"embeddable":true,"href":"https:\/\/gprparisien.com\/index.php?rest_route=%2Fwp%2Fv2%2Fcomments&post=836"}],"version-history":[{"count":9,"href":"https:\/\/gprparisien.com\/index.php?rest_route=\/wp\/v2\/pages\/836\/revisions"}],"predecessor-version":[{"id":1047,"href":"https:\/\/gprparisien.com\/index.php?rest_route=\/wp\/v2\/pages\/836\/revisions\/1047"}],"wp:attachment":[{"href":"https:\/\/gprparisien.com\/index.php?rest_route=%2Fwp%2Fv2%2Fmedia&parent=836"}],"curies":[{"name":"wp","href":"https:\/\/api.w.org\/{rel}","templated":true}]}}