{"id":835,"date":"2024-02-03T11:52:05","date_gmt":"2024-02-03T11:52:05","guid":{"rendered":"https:\/\/groupe-mumtaz.fr\/?page_id=835"},"modified":"2024-02-08T09:43:59","modified_gmt":"2024-02-08T09:43:59","slug":"peinture-2","status":"publish","type":"page","link":"https:\/\/gprparisien.com\/?page_id=835","title":{"rendered":"Peinture"},"content":{"rendered":"<p>GPR Parisien vous propose diff\u00e9rentes prestations de <strong>service en peinture. Nous sommes comp\u00e9tents en remise en \u00e9tat des murs, doublage des murs, isolation phonique et thermique, traitement des murs humides, champignons et moisissures. Nous sommes \u00e0 votre disposition pour vos devis suite \u00e0 Tout type de travaux de peinture.<\/strong><\/p>\n<p>Nous faisons de la r\u00e9novation compl\u00e8te en peinture : Peinture classique, bois, m\u00e9tallerie et en d\u00e9coration.\u00a0Nous r\u00e9novons \u00e9galement les parties communes et avons une d\u00e9coratrice pour toutes les peintures et bois. Nous posons du papier peint et autres mat\u00e9riaux sp\u00e9ciaux pour les murs.\u00a0La qualit\u00e9 de notre travail est irr\u00e9prochable et nos clients sont tr\u00e8s satisfaits du r\u00e9sultat professionnel de nos r\u00e9novations. Nos peintres sont tr\u00e8s qualifi\u00e9s(Exp\u00e9rience +20 ans) Nous utilisons de la peinture de tr\u00e8s bonne qualit\u00e9 : <strong style=\"font-size: 14px; color: var( --e-global-color-text ); background-color: var(--wd-main-bgcolor);\">GUITTET , SEIGNEURIE,SIKKENS et TOLLENS<\/strong><\/p>\n<style>\/*! elementor - v3.13.2 - 11-05-2023 *\/\n.elementor-widget-image-carousel .swiper,.elementor-widget-image-carousel .swiper-container{position:static}.elementor-widget-image-carousel .swiper-container .swiper-slide figure,.elementor-widget-image-carousel .swiper .swiper-slide figure{line-height:inherit}.elementor-widget-image-carousel .swiper-slide{text-align:center}.elementor-image-carousel-wrapper:not(.swiper-container-initialized):not(.swiper-initialized) .swiper-slide{max-width:calc(100% \/ var(--e-image-carousel-slides-to-show, 3))}<\/style>\n<figure><img decoding=\"async\" src=\"https:\/\/gprparisien.com\/wp-content\/uploads\/2024\/02\/1-150x150.webp\" alt=\"1\" \/><\/figure>\n<figure><img decoding=\"async\" src=\"https:\/\/gprparisien.com\/wp-content\/uploads\/2024\/02\/2-150x150.webp\" alt=\"2\" \/><\/figure>\n<figure><img decoding=\"async\" src=\"https:\/\/gprparisien.com\/wp-content\/uploads\/2024\/02\/3-150x150.webp\" alt=\"3\" \/><\/figure>\n<figure><img decoding=\"async\" src=\"https:\/\/gprparisien.com\/wp-content\/uploads\/2024\/02\/4-150x150.webp\" alt=\"4\" \/><\/figure>\n<p>\t\t\t\t\t\t\t\t\t\t\t\tPrevious image<br \/>\n\t\t\t\t\t\t\t\t\t\t\t\tNext image<\/p>\n","protected":false},"excerpt":{"rendered":"<p>GPR Parisien vous propose diff\u00e9rentes prestations de service en peinture. Nous sommes comp\u00e9tents en remise en \u00e9tat des murs, doublage<\/p>\n","protected":false},"author":1,"featured_media":0,"parent":0,"menu_order":0,"comment_status":"closed","ping_status":"closed","template":"","meta":{"footnotes":""},"class_list":["post-835","page","type-page","status-publish","hentry"],"_links":{"self":[{"href":"https:\/\/gprparisien.com\/index.php?rest_route=\/wp\/v2\/pages\/835","targetHints":{"allow":["GET"]}}],"collection":[{"href":"https:\/\/gprparisien.com\/index.php?rest_route=\/wp\/v2\/pages"}],"about":[{"href":"https:\/\/gprparisien.com\/index.php?rest_route=\/wp\/v2\/types\/page"}],"author":[{"embeddable":true,"href":"https:\/\/gprparisien.com\/index.php?rest_route=\/wp\/v2\/users\/1"}],"replies":[{"embeddable":true,"href":"https:\/\/gprparisien.com\/index.php?rest_route=%2Fwp%2Fv2%2Fcomments&post=835"}],"version-history":[{"count":13,"href":"https:\/\/gprparisien.com\/index.php?rest_route=\/wp\/v2\/pages\/835\/revisions"}],"predecessor-version":[{"id":1033,"href":"https:\/\/gprparisien.com\/index.php?rest_route=\/wp\/v2\/pages\/835\/revisions\/1033"}],"wp:attachment":[{"href":"https:\/\/gprparisien.com\/index.php?rest_route=%2Fwp%2Fv2%2Fmedia&parent=835"}],"curies":[{"name":"wp","href":"https:\/\/api.w.org\/{rel}","templated":true}]}}