{"id":790,"date":"2024-01-31T11:19:16","date_gmt":"2024-01-31T11:19:16","guid":{"rendered":"https:\/\/groupe-mumtaz.fr\/?page_id=790"},"modified":"2024-02-03T10:57:03","modified_gmt":"2024-02-03T10:57:03","slug":"conception","status":"publish","type":"page","link":"https:\/\/gprparisien.com\/?page_id=790","title":{"rendered":"Conception"},"content":{"rendered":"<h2><strong>La conception architecturale<\/strong><\/h2>\n<p><strong>La conception architecturale s\u2019effectue au cours de l\u2019\u00e9tude avant travaux.<\/strong>\u00a0Cette conception comprend des plans, des esquisses, des vues 3D de l\u2019ouvrage pr\u00e9alablement expos\u00e9 avec le client. Un descriptif des travaux est \u00e9galement \u00e9dit\u00e9 et, avec la connaissance des mat\u00e9riaux, des techniques utilis\u00e9s et de l\u2019existant, une estimation du co\u00fbt de l\u2019ensemble des travaux est aussi annonc\u00e9e.\u00a0<strong>A noter que l\u2019ensemble des propositions de l\u2019architecte doit \u00eatre coh\u00e9rent avec le budget initial du ma\u00eetre d\u2019ouvrage.\u00a0<\/strong>Cette conception architecturale s\u2019accompagne d\u2019un r\u00e9sum\u00e9 pr\u00e9cisant les points probl\u00e9matiques sur l\u2019existant, les expertises ou \u00e9tudes additionnels n\u00e9cessaires et \u00e9ventuellement leurs prix.\u00a0<strong style=\"font-size: 14px; background-color: var(--wd-main-bgcolor);\">Il vous informe sur les d\u00e9marches administratives requises pour votre projet<\/strong>. Ces d\u00e9marches sont cependant prises en charge par GPR PARISIEN en phase amont du projet.<\/p>\n<h2><strong>Un prix fixe pour une conception architecturale<\/strong><\/h2>\n<p>Selon la complexit\u00e9 de votre projet, le prix de l\u2019\u00e9tude avant travaux qui contient la conception architecturale est indiqu\u00e9 avant sa r\u00e9alisation\u00a0Les simulations de projet int\u00e9gr\u00e9 avec l\u2019existant, les esquisses, les vue 3D et l\u2019ensemble de l\u2019\u00e9tude de faisabilit\u00e9 qui synth\u00e9tisent tous les choix formalis\u00e9s conjointement vous sont alors pr\u00e9sent\u00e9s.\u00a0<strong style=\"font-size: 14px; background-color: var(--wd-main-bgcolor);\">Des ajustements peuvent \u00eatre \u00e9voqu\u00e9s, c\u2019est alors une deuxi\u00e8me conception architecturale qui vous est propos\u00e9e.<\/strong>\u00a0Apr\u00e8s accord du ma\u00eetre d\u2019ouvrage de la conception architectural et si vous d\u00e9cider de continuer votre projet avec GPR PARISIEN, nous vous montrons notre engagement avec l\u2019\u00e9dition d\u2019un contrat unique, d\u00e9taillant l\u2019ensemble des prestations et garantissant le prix, les d\u00e9lais et la qualit\u00e9 de la r\u00e9alisation des travaux.<\/p>\n<h2><strong>Apr\u00e8s la conception architecturale<\/strong><\/h2>\n<p>Le r\u00f4le de l\u2019architecte agr\u00e9\u00e9 GPR PARISIEN ne s\u2019arr\u00eate pas \u00e0 la conception architecturale.\u00a0<strong>V\u00e9ritable pilier dans la solution GPR PARISIEN, il s\u2019occupe aussi de la s\u00e9lection des diff\u00e9rents intervenants sur le chantier et assure leur coordination pour \u00e9viter les al\u00e9as.\u00a0<\/strong>Il saura anticiper les contraintes de votre chantier et, en cas d\u2019al\u00e9as, il intervient pour ne pas que le chantier prenne de retard. Si une entreprise fait d\u00e9faut, il trouvera une alternative constructive.\u00a0Apr\u00e8s les r\u00e9unions de chantier qu\u2019il organise avec les artisans,\u00a0<strong style=\"font-size: 14px; background-color: var(--wd-main-bgcolor);\">il vous informe de l\u2019\u00e9volution du chantier<\/strong>\u00a0aux diff\u00e9rents moments importants en vous remettant des comptes rendus d\u2019avancement du projet.<\/p>\n<p>L\u2019architecte veille au\u00a0<strong>respect des d\u00e9lais et des normes<\/strong>\u00a0et est garant de la coh\u00e9rence et du r\u00e9sultat final de votre projet de travaux.\u00a0Pour r\u00e9sumer, GPR PARISIEN consid\u00e8re que l\u2019architecte doit \u00eatre accessible\u00a0<strong style=\"font-size: 14px; background-color: var(--wd-main-bgcolor);\">au plus grand nombre<\/strong>\u00a0et\u00a0\u00a0<strong style=\"font-size: 14px; background-color: var(--wd-main-bgcolor);\">pour des projets de grande envergure<\/strong>\u00a0comme les r\u00e9novations compl\u00e8tes, les agrandissements de maisons ou encore les am\u00e9nagements int\u00e9rieurs.\u00a0<strong style=\"font-size: 14px; background-color: var(--wd-main-bgcolor);\">Son expertise ne s\u2019arr\u00eate donc pas \u00e0 sa valeur cr\u00e9ative et conceptuelle mais vous accompagne jusqu\u2019\u00e0 la r\u00e9ception de votre projet.<\/strong><\/p>\n","protected":false},"excerpt":{"rendered":"<p>La conception architecturale La conception architecturale s\u2019effectue au cours de l\u2019\u00e9tude avant travaux.\u00a0Cette conception comprend des plans, des esquisses, des<\/p>\n","protected":false},"author":1,"featured_media":0,"parent":0,"menu_order":0,"comment_status":"closed","ping_status":"closed","template":"","meta":{"footnotes":""},"class_list":["post-790","page","type-page","status-publish","hentry"],"_links":{"self":[{"href":"https:\/\/gprparisien.com\/index.php?rest_route=\/wp\/v2\/pages\/790","targetHints":{"allow":["GET"]}}],"collection":[{"href":"https:\/\/gprparisien.com\/index.php?rest_route=\/wp\/v2\/pages"}],"about":[{"href":"https:\/\/gprparisien.com\/index.php?rest_route=\/wp\/v2\/types\/page"}],"author":[{"embeddable":true,"href":"https:\/\/gprparisien.com\/index.php?rest_route=\/wp\/v2\/users\/1"}],"replies":[{"embeddable":true,"href":"https:\/\/gprparisien.com\/index.php?rest_route=%2Fwp%2Fv2%2Fcomments&post=790"}],"version-history":[{"count":10,"href":"https:\/\/gprparisien.com\/index.php?rest_route=\/wp\/v2\/pages\/790\/revisions"}],"predecessor-version":[{"id":810,"href":"https:\/\/gprparisien.com\/index.php?rest_route=\/wp\/v2\/pages\/790\/revisions\/810"}],"wp:attachment":[{"href":"https:\/\/gprparisien.com\/index.php?rest_route=%2Fwp%2Fv2%2Fmedia&parent=790"}],"curies":[{"name":"wp","href":"https:\/\/api.w.org\/{rel}","templated":true}]}}