{"id":32,"date":"2023-08-05T08:43:42","date_gmt":"2023-08-05T07:43:42","guid":{"rendered":"https:\/\/groupe-mumtaz.fr\/?page_id=32"},"modified":"2024-01-31T10:48:50","modified_gmt":"2024-01-31T10:48:50","slug":"accueil","status":"publish","type":"page","link":"https:\/\/gprparisien.com\/","title":{"rendered":"Accueil"},"content":{"rendered":"\n\t\t\t<!-- START Slider 1 REVOLUTION SLIDER 6.6.15 --><p class=\"rs-p-wp-fix\"><\/p>\n\t\t\t<rs-module-wrap id=\"rev_slider_1_1_wrapper\" data-source=\"gallery\" style=\"visibility:hidden;background:transparent;padding:0;margin:0px auto;margin-top:0;margin-bottom:0;\">\n\t\t\t\t<rs-module id=\"rev_slider_1_1\" style=\"\" data-version=\"6.6.15\">\n\t\t\t\t\t<rs-slides style=\"overflow: hidden; position: absolute;\">\n\t\t\t\t\t\t<rs-slide style=\"position: absolute;\" data-key=\"rs-1\" data-title=\"Slide\" data-in=\"o:0;\" data-out=\"a:false;\">\n\t\t\t\t\t\t\t<img decoding=\"async\" src=\"\/\/gprparisien.com\/wp-content\/plugins\/revslider\/public\/assets\/assets\/dummy.png\" alt=\"Slide\" title=\"slider photo\" width=\"1000\" height=\"637\" class=\"rev-slidebg tp-rs-img rs-lazyload\" data-lazyload=\"\/\/gprparisien.com\/wp-content\/plugins\/revslider\/public\/assets\/assets\/transparent.png\" data-bg=\"c:#ffffff;\" data-no-retina>\n<!--\n\t\t\t\t\t\t\t--><rs-layer\n\t\t\t\t\t\t\t\tid=\"slider-1-slide-1-layer-0\" \n\t\t\t\t\t\t\t\tdata-type=\"image\"\n\t\t\t\t\t\t\t\tdata-rsp_ch=\"on\"\n\t\t\t\t\t\t\t\tdata-xy=\"x:r;y:m,m,m,b;yo:0,0,0,15px;\"\n\t\t\t\t\t\t\t\tdata-text=\"w:normal;s:20,16,12,7;l:0,20,15,9;\"\n\t\t\t\t\t\t\t\tdata-dim=\"w:775px,640px,486px,489px;h:494px,407px,309px,311px;\"\n\t\t\t\t\t\t\t\tdata-frame_999=\"o:0;st:w;\"\n\t\t\t\t\t\t\t\tstyle=\"z-index:6;\"\n\t\t\t\t\t\t\t><img decoding=\"async\" src=\"\/\/gprparisien.com\/wp-content\/plugins\/revslider\/public\/assets\/assets\/dummy.png\" alt=\"\" class=\"tp-rs-img rs-lazyload\" width=\"1000\" height=\"637\" data-lazyload=\"\/\/gprparisien.com\/wp-content\/uploads\/2024\/01\/slider-photo.jpeg\" data-no-retina> \n\t\t\t\t\t\t\t<\/rs-layer><!--\n\n\t\t\t\t\t\t\t--><rs-layer\n\t\t\t\t\t\t\t\tid=\"slider-1-slide-1-layer-1\" \n\t\t\t\t\t\t\t\tdata-type=\"text\"\n\t\t\t\t\t\t\t\tdata-color=\"#000000\"\n\t\t\t\t\t\t\t\tdata-bsh=\"c:rgba(0,0,0,0.5);\"\n\t\t\t\t\t\t\t\tdata-tsh=\"c:rgba(0,0,0,0.75);h:7px,5px,3px,1px;v:7px,5px,3px,1px;b:10px,8px,6px,3px;\"\n\t\t\t\t\t\t\t\tdata-rsp_ch=\"on\"\n\t\t\t\t\t\t\t\tdata-xy=\"x:c;xo:-341px,-299px,-227px,0;y:m,m,m,t;yo:-70px,-49px,-37px,20px;\"\n\t\t\t\t\t\t\t\tdata-text=\"w:normal;s:40,51,38,44;l:50,63,47,53;fw:900;\"\n\t\t\t\t\t\t\t\tdata-dim=\"w:405px,auto,auto,auto;minh:0px,none,none,none;\"\n\t\t\t\t\t\t\t\tdata-frame_0=\"x:0,0px,0px,0px;y:0,0px,0px,0px;rX:70deg;oZ:-50;\"\n\t\t\t\t\t\t\t\tdata-frame_1=\"x:0,0px,0px,0px;y:0,0px,0px,0px;oZ:-50;e:power4.inOut;st:1810;sp:1750;sR:1810;\"\n\t\t\t\t\t\t\t\tdata-frame_999=\"o:0;st:w;sR:5440;\"\n\t\t\t\t\t\t\t\tstyle=\"z-index:8;font-family:'Roboto';text-transform:uppercase;\"\n\t\t\t\t\t\t\t>CONCEPTION<br \/>\n \n\t\t\t\t\t\t\t<\/rs-layer><!--\n\n\t\t\t\t\t\t\t--><rs-layer\n\t\t\t\t\t\t\t\tid=\"slider-1-slide-1-layer-2\" \n\t\t\t\t\t\t\t\tdata-type=\"text\"\n\t\t\t\t\t\t\t\tdata-color=\"#000000\"\n\t\t\t\t\t\t\t\tdata-bsh=\"c:rgba(0,0,0,0.5);\"\n\t\t\t\t\t\t\t\tdata-tsh=\"c:rgba(0,0,0,0.75);h:7px,5px,3px,1px;v:7px,5px,3px,1px;b:10px,8px,6px,3px;\"\n\t\t\t\t\t\t\t\tdata-rsp_ch=\"on\"\n\t\t\t\t\t\t\t\tdata-xy=\"x:c;xo:-341px,-330px,-250px,0;y:m,m,m,t;yo:60px,53px,40px,140px;\"\n\t\t\t\t\t\t\t\tdata-text=\"w:normal;s:40,51,38,44;l:50,63,47,53;fw:900;\"\n\t\t\t\t\t\t\t\tdata-dim=\"w:405px,auto,auto,271px;minh:0px,none,none,none;\"\n\t\t\t\t\t\t\t\tdata-frame_0=\"x:0,0px,0px,0px;y:0,0px,0px,0px;rX:70deg;oZ:-50;\"\n\t\t\t\t\t\t\t\tdata-frame_1=\"x:0,0px,0px,0px;y:0,0px,0px,0px;oZ:-50;e:power4.inOut;st:1810;sp:1750;sR:1810;\"\n\t\t\t\t\t\t\t\tdata-frame_999=\"o:0;st:w;sR:5440;\"\n\t\t\t\t\t\t\t\tstyle=\"z-index:9;font-family:'Roboto';text-transform:uppercase;\"\n\t\t\t\t\t\t\t>R\u00e9novation \n\t\t\t\t\t\t\t<\/rs-layer><!--\n\n\t\t\t\t\t\t\t--><rs-layer\n\t\t\t\t\t\t\t\tid=\"slider-1-slide-1-layer-4\" \n\t\t\t\t\t\t\t\tdata-type=\"text\"\n\t\t\t\t\t\t\t\tdata-color=\"#000000\"\n\t\t\t\t\t\t\t\tdata-bsh=\"c:rgba(0,0,0,0.5);\"\n\t\t\t\t\t\t\t\tdata-tsh=\"c:rgba(0,0,0,0.75);h:7px,5px,3px,1px;v:7px,5px,3px,1px;b:10px,8px,6px,3px;\"\n\t\t\t\t\t\t\t\tdata-rsp_ch=\"on\"\n\t\t\t\t\t\t\t\tdata-xy=\"x:c;xo:-341px,-299px,-227px,0;y:m,m,m,t;yo:-10px,-49px,-37px,78px;\"\n\t\t\t\t\t\t\t\tdata-text=\"w:normal;s:40,51,38,44;l:50,63,47,53;fw:900;\"\n\t\t\t\t\t\t\t\tdata-dim=\"w:405px,auto,auto,auto;minh:0px,none,none,none;\"\n\t\t\t\t\t\t\t\tdata-frame_0=\"x:0,0px,0px,0px;y:0,0px,0px,0px;rX:70deg;oZ:-50;\"\n\t\t\t\t\t\t\t\tdata-frame_1=\"x:0,0px,0px,0px;y:0,0px,0px,0px;oZ:-50;e:power4.inOut;st:1810;sp:1750;sR:1810;\"\n\t\t\t\t\t\t\t\tdata-frame_999=\"o:0;st:w;sR:5440;\"\n\t\t\t\t\t\t\t\tstyle=\"z-index:7;font-family:'Roboto';text-transform:uppercase;\"\n\t\t\t\t\t\t\t>Construction \n\t\t\t\t\t\t\t<\/rs-layer><!--\n-->\t\t\t\t\t\t<\/rs-slide>\n\t\t\t\t\t<\/rs-slides>\n\t\t\t\t<\/rs-module>\n\t\t\t\t<script>\n\t\t\t\t\tsetREVStartSize({c: 'rev_slider_1_1',rl:[1240,1024,778,480],el:[500,500,500,500],gw:[1240,1024,778,480],gh:[500,500,500,500],type:'standard',justify:'',layout:'fullwidth',mh:\"0\"});if (window.RS_MODULES!==undefined && window.RS_MODULES.modules!==undefined && window.RS_MODULES.modules[\"revslider11\"]!==undefined) {window.RS_MODULES.modules[\"revslider11\"].once = false;window.revapi1 = undefined;if (window.RS_MODULES.checkMinimal!==undefined) window.RS_MODULES.checkMinimal()}\n\t\t\t\t<\/script>\n\t\t\t<\/rs-module-wrap>\n\t\t\t<!-- END REVOLUTION SLIDER -->\n\n<p>La soci\u00e9t\u00e9 GPR PARISIEN est sp\u00e9cialis\u00e9e en construction et r\u00e9novation. Nous nous sp\u00e9cialisons dans tous les services de ma\u00e7onnerie, y compris les nouvelles constructions, les ajouts, la restauration, l\u2019entretien, la reconstruction, la conception, la planification et les r\u00e9parations.<\/p>\n<p>Situ\u00e9 dans le d\u00e9partement du val d\u2019Oise , notre localisation nous permet d\u2019avoir une r\u00e9activit\u00e9 imm\u00e9diate sur nos chantiers d\u2019ile de France.&nbsp;<\/p>\n<p>Nous discutons de vos besoins et de vos objectifs pour vous guider tout au long du processus de s\u00e9lection afin de soutenir votre projet en obtenant la meilleure conception et la meilleure solution.<\/p>\n<p>Un suivi de nos re\u0301alisations est assure\u0301 a\u0300 travers des re\u0301unions et la re\u0301daction de compte rendu dans le but de maintenir une relation efficace avec les diffe\u0301rents intervenants et partenaires.<\/p>\n<p>Notre objectif est celui de faire connaitre notre savoir-faire et notre souci de qualit\u00e9 et performance. Notre soci\u00e9t\u00e9 mise sur la qualit\u00e9 et non pas la quantit\u00e9, afin d\u2019\u00eatre \u00e0 l\u2019\u00e9coute de nos clients et avoir une grande r\u00e9activit\u00e9 \u00e0 chaque demande. Nous sommes soucieux d\u2019apporter une r\u00e9ponse adapt\u00e9e, rigoureusement mesur\u00e9e et rapide.<\/p>\n<link rel=\"stylesheet\" id=\"wd-section-title-css\" href=\"https:\/\/gprparisien.com\/wp-content\/themes\/woodmart\/css\/parts\/el-section-title.min.css?ver=7.0.4\" type=\"text\/css\" media=\"all\" \/>\n<h4>Notre \u00e9quipe<\/h4>\n<p>\t\t\t<svg xmlns=\"http:\/\/www.w3.org\/2000\/svg\" width=\"60.000000pt\" height=\"59.000000pt\" viewBox=\"0 0 60.000000 59.000000\" preserveAspectRatio=\"xMidYMid meet\"><g transform=\"translate(0.000000,59.000000) scale(0.100000,-0.100000)\" fill=\"#000000\" stroke=\"none\"><path d=\"M260 504 c-58 -41 -79 -67 -94 -116 -12 -41 -12 -48 0 -48 10 0 14 -12 14 -37 0 -21 7 -51 15 -67 29 -55 21 -71 -45 -95 -62 -23 -90 -50 -90 -88 l0 -23 244 0 c217 0 245 2 250 16 5 14 4 15 -8 5 -9 -8 -45 -11 -102 -9 -103 3 -113 14 -69 73 23 29 32 34 54 28 35 -8 104 -43 113 -57 6 -8 8 -8 8 1 0 17 -36 40 -92 59 -53 17 -61 37 -33 90 8 16 15 46 15 67 0 26 4 37 15 37 12 0 12 6 0 46 -14 46 -58 104 -80 104 -6 0 -18 9 -28 20 -22 26 -44 24 -87 -6z m81 -21 c0 -16 3 -22 6 -15 10 25 24 11 22 -20 -2 -18 1 -32 6 -31 57 9 58 8 66 -21 5 -16 6 -33 3 -38 -7 -11 -274 -10 -274 1 0 5 4 21 10 35 8 21 16 26 45 26 33 0 35 2 29 24 -8 32 6 58 17 30 6 -16 8 -15 8 9 1 23 5 27 31 27 26 0 30 -4 31 -27z m-101 -33 c0 -19 -20 -27 -33 -13 -8 7 11 33 24 33 5 0 9 -9 9 -20z m169 7 c12 -15 5 -27 -16 -27 -7 0 -13 9 -13 20 0 23 13 26 29 7z m21 -152 c0 -75 -60 -145 -124 -145 -53 0 -116 81 -116 150 l0 30 120 0 120 0 0 -35z m-56 -172 c-25 -34 -28 -35 -41 -18 -16 23 -17 35 0 35 6 0 23 9 37 20 35 27 37 6 4 -37z m-109 27 c17 -8 31 -15 33 -16 6 -4 -18 -44 -26 -44 -8 0 -52 62 -52 74 0 4 3 6 8 4 4 -2 21 -10 37 -18z m-20 -45 c45 -60 35 -70 -75 -70 -76 0 -95 3 -97 15 -5 25 11 40 73 65 32 14 62 25 65 25 4 0 19 -16 34 -35z m79 -1 c9 -23 8 -24 -14 -24 -22 0 -23 1 -14 24 8 20 20 20 28 0z m16 -59 c0 -10 -10 -15 -30 -15 -20 0 -30 5 -30 15 0 10 10 15 30 15 20 0 30 -5 30 -15z\"><\/path><\/g><\/svg>\t\t\t<\/p>\n<h4>Directeur de travaux<\/h4>\n<p>\t\t\t<svg xmlns=\"http:\/\/www.w3.org\/2000\/svg\" width=\"60.000000pt\" height=\"59.000000pt\" viewBox=\"0 0 60.000000 59.000000\" preserveAspectRatio=\"xMidYMid meet\"><g transform=\"translate(0.000000,59.000000) scale(0.100000,-0.100000)\" fill=\"#000000\" stroke=\"none\"><path d=\"M193 492 c-58 -41 -100 -98 -109 -151 -4 -20 -14 -41 -22 -47 -9 -7 -12 -18 -7 -32 6 -22 7 -22 248 -20 230 3 242 4 245 22 3 11 -2 24 -10 30 -8 6 -18 27 -22 47 -10 54 -51 110 -112 152 -47 32 -62 37 -107 36 -43 -1 -61 -7 -104 -37z m169 -69 l2 -88 3 78 c2 42 7 77 12 77 4 0 26 -13 48 -29 40 -29 68 -75 79 -130 l7 -31 -213 0 -213 0 6 36 c8 48 49 110 90 134 18 11 35 20 39 20 4 0 9 -35 11 -77 l3 -78 2 88 2 87 60 0 60 0 2 -87z m173 -153 c0 -13 -33 -15 -229 -18 -133 -1 -234 2 -239 7 -27 27 9 31 236 29 198 -3 232 -5 232 -18z\"><\/path><path d=\"M100 170 c-6 -11 -20 -20 -30 -20 -17 0 -20 -7 -20 -40 0 -33 3 -40 20 -40 11 0 29 -9 40 -20 14 -14 33 -20 66 -20 51 0 81 12 107 44 l17 21 18 -21 c25 -31 55 -44 102 -44 48 0 80 14 80 35 0 9 10 15 25 15 23 0 25 4 25 40 0 36 -3 40 -24 40 -13 0 -26 7 -30 15 -4 13 -36 15 -195 15 -180 0 -191 -1 -201 -20z m393 -20 c7 -18 19 -30 29 -30 20 0 24 -15 7 -26 -6 -3 -15 -1 -19 6 -5 8 -11 2 -18 -19 -19 -53 -110 -55 -164 -5 l-28 28 -30 -29 c-40 -39 -118 -47 -149 -16 -12 12 -19 27 -14 34 4 8 1 7 -10 -1 -9 -8 -21 -11 -27 -7 -19 11 -10 25 16 25 14 0 23 4 20 9 -4 5 -2 21 4 35 l10 26 181 0 181 0 11 -30z m42 -10 c-3 -5 -10 -10 -16 -10 -5 0 -9 5 -9 10 0 6 7 10 16 10 8 0 12 -4 9 -10z\"><\/path><path d=\"M134 146 c-3 -8 -4 -23 -1 -33 3 -12 5 -9 6 9 1 26 3 27 64 31 l62 3 -63 2 c-47 2 -64 -2 -68 -12z\"><\/path><\/g><\/svg>\t\t\t<\/p>\n<h4>1 charg\u00e9 d&#8217;affaire<\/h4>\n<p>\t\t\t<svg xmlns=\"http:\/\/www.w3.org\/2000\/svg\" width=\"60.000000pt\" height=\"59.000000pt\" viewBox=\"0 0 60.000000 59.000000\" preserveAspectRatio=\"xMidYMid meet\"><g transform=\"translate(0.000000,59.000000) scale(0.100000,-0.100000)\" fill=\"#000000\" stroke=\"none\"><path d=\"M139 491 c-35 -36 -36 -55 -4 -119 14 -28 25 -52 25 -54 0 -3 -17 -10 -38 -16 -43 -13 -62 -43 -62 -97 l0 -35 72 0 71 0 -21 -23 c-17 -18 -22 -36 -22 -75 l0 -52 151 0 151 0 -4 61 c-3 45 -10 65 -23 75 -17 12 -10 14 53 14 l72 0 0 35 c0 37 -18 85 -32 85 -4 0 -8 31 -8 69 0 37 -5 82 -11 100 -12 35 -53 61 -94 61 -34 0 -85 -50 -85 -83 0 -20 -4 -24 -20 -20 -13 3 -20 14 -20 28 0 31 -53 75 -92 75 -19 0 -39 -10 -59 -29z m108 -3 c22 -16 33 -31 33 -48 0 -25 -1 -25 -80 -25 -71 0 -80 2 -80 18 0 41 35 74 79 76 8 1 30 -9 48 -21z m229 -2 c24 -20 28 -32 32 -89 5 -81 0 -97 -28 -90 -15 4 -19 10 -14 22 4 9 9 33 12 55 l4 38 -71 -4 c-66 -3 -71 -2 -71 17 1 37 44 74 87 75 12 0 34 -11 49 -24z m-229 -86 c-2 -3 -10 -20 -18 -38 -11 -26 -19 -32 -39 -30 -24 3 -57 49 -47 66 3 4 28 7 56 7 28 0 50 -2 48 -5z m223 -20 c0 -15 -5 -31 -12 -38 -16 -16 -48 -15 -48 1 0 8 -9 22 -20 32 -11 10 -20 21 -20 24 0 3 23 6 50 6 47 0 50 -2 50 -25z m-98 -7 c29 -27 39 -85 18 -98 -5 -3 -10 2 -10 12 0 16 -9 18 -67 18 -38 0 -71 -4 -75 -10 -4 -5 -8 5 -8 24 0 76 85 109 142 54z m-152 -62 c0 -15 -16 -22 -34 -15 -25 9 -19 24 9 24 14 0 25 -4 25 -9z m230 0 c0 -22 -23 -70 -31 -65 -5 3 -9 21 -9 40 0 27 4 34 20 34 11 0 20 -4 20 -9z m-272 -29 c2 -7 -3 -12 -12 -12 -9 0 -16 7 -16 16 0 17 22 14 28 -4z m302 -6 c0 -7 -9 -21 -20 -31 -22 -20 -25 -10 -10 30 10 26 30 26 30 1z m-330 -13 c21 -24 25 -26 28 -10 2 10 11 17 20 15 8 -2 15 -6 14 -10 -1 -5 -2 -24 -2 -43 0 -43 -29 -50 -31 -7 l-2 27 -4 -27 c-3 -22 -10 -28 -29 -28 -16 0 -24 6 -25 18 -1 16 -2 16 -6 -1 -7 -28 -38 -16 -41 16 -4 31 21 77 41 77 8 0 24 -12 37 -27z m220 0 c0 -55 -61 -83 -102 -46 -10 9 -18 29 -18 45 0 28 1 28 60 28 58 0 60 -1 60 -27z m165 3 c21 -31 16 -80 -7 -84 -12 -2 -18 3 -19 15 -1 16 -2 17 -6 1 -4 -15 -16 -18 -74 -18 -70 0 -80 7 -59 40 8 12 11 12 28 -3 10 -9 23 -17 29 -17 15 0 63 58 63 76 0 22 28 16 45 -10z m-125 -27 c0 -6 -4 -7 -10 -4 -5 3 -10 11 -10 16 0 6 5 7 10 4 6 -3 10 -11 10 -16z m-160 -19 c14 -34 9 -46 -15 -37 -16 7 -22 67 -6 67 5 0 14 -14 21 -30z m90 -45 c-7 -8 -20 -15 -30 -15 -10 0 -23 7 -30 15 -11 13 -7 15 30 15 37 0 41 -2 30 -15z m-56 -18 c18 -13 18 -14 1 -21 -11 -4 -22 -1 -27 6 -18 29 -4 37 26 15z m86 6 c-1 -20 -18 -33 -35 -27 -17 7 -17 8 1 21 20 14 34 17 34 6z m-110 -33 c16 -17 31 -36 33 -43 2 -7 3 0 1 16 -3 21 1 27 16 27 15 0 19 -6 16 -27 -2 -16 -1 -23 1 -16 7 19 60 73 72 73 25 0 51 -41 51 -80 0 -33 -3 -40 -20 -40 -14 0 -20 7 -21 23 l-2 22 -4 -23 c-3 -17 -11 -22 -34 -22 -16 0 -29 6 -30 13 0 9 -2 10 -6 0 -6 -17 -43 -17 -44 0 0 9 -2 9 -6 0 -2 -7 -18 -13 -34 -13 -23 0 -29 5 -30 23 l-2 22 -4 -23 c-3 -14 -12 -22 -24 -22 -27 0 -27 72 1 100 27 27 37 25 70 -10z\"><\/path><\/g><\/svg>\t\t\t<\/p>\n<h4>2 chef de chantier<\/h4>\n<p>\t\t\t<svg xmlns=\"http:\/\/www.w3.org\/2000\/svg\" width=\"60.000000pt\" height=\"59.000000pt\" viewBox=\"0 0 60.000000 59.000000\" preserveAspectRatio=\"xMidYMid meet\"><g transform=\"translate(0.000000,59.000000) scale(0.100000,-0.100000)\" fill=\"#000000\" stroke=\"none\"><path d=\"M266 520 c-58 -18 -90 -64 -99 -145 -5 -36 -2 -55 8 -69 13 -17 15 -18 15 -3 0 9 -4 17 -10 17 -5 0 -10 7 -10 16 0 14 2 15 17 3 11 -10 48 -14 130 -14 l114 0 -6 -34 c-8 -44 -29 -75 -61 -89 -59 -28 -131 -4 -158 52 -10 19 -16 24 -16 14 0 -10 14 -33 31 -53 24 -27 30 -41 25 -60 -5 -20 -13 -25 -36 -25 -33 0 -35 2 -19 29 15 23 4 71 -16 71 -8 0 -15 -9 -15 -20 0 -11 -4 -20 -10 -20 -5 0 -10 9 -10 21 0 14 -5 19 -17 17 -23 -4 -29 -44 -12 -75 12 -22 11 -26 -4 -34 -19 -11 -47 -60 -47 -81 1 -7 7 1 14 18 13 29 50 64 68 64 4 0 9 -21 11 -47 l3 -48 2 48 c1 33 6 47 16 47 11 0 16 -14 19 -47 l3 -48 2 48 c2 38 5 47 20 47 23 0 42 19 42 42 0 15 9 18 50 18 43 0 50 -3 50 -19 0 -11 5 -23 10 -26 15 -9 12 -23 -10 -45 -26 -26 -74 -26 -100 0 -11 11 -20 16 -20 12 0 -19 42 -45 72 -45 23 0 39 8 58 31 15 18 32 32 38 32 6 0 13 -21 15 -47 l3 -48 2 48 c3 66 29 66 35 0 l3 -48 2 48 c1 26 5 47 10 47 18 0 54 -34 66 -63 8 -18 15 -25 15 -17 0 8 -6 26 -14 40 -8 14 -14 44 -15 66 0 55 -25 114 -48 114 -22 0 -52 -58 -52 -100 0 -22 -5 -30 -18 -30 -45 0 -55 45 -17 80 13 12 30 39 36 59 7 20 16 39 21 42 14 9 -3 115 -23 148 -33 54 -102 80 -163 61z m43 -22 c11 -10 13 -10 7 0 -5 8 1 12 20 12 33 0 104 -68 104 -100 0 -19 -4 -21 -32 -14 -18 4 -62 7 -98 7 -36 0 -80 -3 -97 -7 -29 -7 -33 -5 -33 14 0 27 71 100 97 100 10 0 25 -6 32 -12z m108 -119 c26 -10 27 -11 10 -24 -40 -29 -194 -29 -234 0 -17 13 -16 14 7 24 34 13 182 14 217 0z m33 -45 c0 -8 -5 -12 -10 -9 -6 4 -8 11 -5 16 9 14 15 11 15 -7z m58 -119 c14 -30 16 -95 3 -95 -5 0 -11 14 -14 30 -8 36 -24 39 -33 5 -9 -34 -24 -31 -24 5 0 40 20 80 40 80 9 0 22 -11 28 -25z m-357 -35 c13 0 19 7 19 21 0 11 5 17 10 14 6 -3 10 -17 10 -31 0 -13 -4 -24 -10 -24 -5 0 -10 -7 -10 -15 0 -8 -9 -15 -20 -15 -11 0 -20 7 -20 15 0 8 -4 15 -10 15 -12 0 -14 43 -2 54 4 4 8 -2 10 -13 2 -13 11 -21 23 -21z m339 -30 c0 -5 -4 -10 -10 -10 -5 0 -10 5 -10 10 0 6 5 10 10 10 6 0 10 -4 10 -10z\"><\/path><path d=\"M307 294 c3 -9 8 -11 12 -6 3 6 22 12 41 15 30 3 28 4 -12 5 -39 2 -46 -1 -41 -14z\"><\/path><path d=\"M305 251 c-3 -5 -2 -12 3 -15 5 -3 9 1 9 9 0 17 -3 19 -12 6z\"><\/path><\/g><\/svg>\t\t\t<\/p>\n<h4>10 collaborateur<\/p>\n<\/h4>\n<h4>4 autres bonnes raisons de recourir \u00e0 notre service<\/h4>\n<link rel=\"stylesheet\" id=\"wd-info-box-css\" href=\"https:\/\/gprparisien.com\/wp-content\/themes\/woodmart\/css\/parts\/el-info-box.min.css?ver=7.0.4\" type=\"text\/css\" media=\"all\" \/>\n\t\t\t\t\t\t\t\t\t\t\t\t\t\t\t<img width=\"78\" height=\"78\" src=\"https:\/\/gprparisien.com\/wp-content\/uploads\/2024\/01\/1.png\" alt=\"\" decoding=\"async\" loading=\"lazy\" \/>\t\t\t\t\t\t\t\t\t\t\t\t\t<\/p>\n<h4\t\t\t\t\t\tclass=\"info-box-title title box-title-style-default wd-fontsize-m\" data-elementor-setting-key=\"title\">\n\t\t\t\t\t\t\t\tSavoir-faire et comp\u00e9tences\t\t\t\t\t\t<\/h4>\n<p>Nous disposons du savoir-faire et des comp\u00e9tences requis pour des r\u00e9alisations fiables.<\/p>\n<p>\t\t\t\t\t\t\t\t\t\t\t\t\t\t\t<img width=\"78\" height=\"78\" src=\"https:\/\/gprparisien.com\/wp-content\/uploads\/2024\/01\/2.png\" alt=\"\" decoding=\"async\" loading=\"lazy\" \/>\t\t\t\t\t\t\t\t\t\t\t\t\t<\/p>\n<h4\t\t\t\t\t\tclass=\"info-box-title title box-title-style-default wd-fontsize-m\" data-elementor-setting-key=\"title\">\n\t\t\t\t\t\t\t\tMa\u00eetrise technique\t\t\t\t\t\t<\/h4>\n<p>Nous ma\u00eetrisons toutes les techniques de peinture et de d\u00e9coration int\u00e9rieure<\/p>\n<p>\t\t\t\t\t\t\t\t\t\t\t\t\t\t\t<img width=\"78\" height=\"78\" src=\"https:\/\/gprparisien.com\/wp-content\/uploads\/2024\/01\/3.png\" alt=\"\" decoding=\"async\" loading=\"lazy\" \/>\t\t\t\t\t\t\t\t\t\t\t\t\t<\/p>\n<h4\t\t\t\t\t\tclass=\"info-box-title title box-title-style-default wd-fontsize-m\" data-elementor-setting-key=\"title\">\n\t\t\t\t\t\t\t\tConseils avis\u00e9s\t\t\t\t\t\t<\/h4>\n<p>Nous vous conseillons de mani\u00e8re professionnelle et personnalis\u00e9e.<\/p>\n<p>\t\t\t\t\t\t\t\t\t\t\t\t\t\t\t<img width=\"78\" height=\"78\" src=\"https:\/\/gprparisien.com\/wp-content\/uploads\/2024\/01\/4.png\" alt=\"\" decoding=\"async\" loading=\"lazy\" \/>\t\t\t\t\t\t\t\t\t\t\t\t\t<\/p>\n<h4\t\t\t\t\t\tclass=\"info-box-title title box-title-style-default wd-fontsize-m\" data-elementor-setting-key=\"title\">\n\t\t\t\t\t\t\t\tTravail de qualit\u00e9\t\t\t\t\t\t<\/h4>\n<p>Nous r\u00e9alisons un travail de qualit\u00e9.<\/p>\n","protected":false},"excerpt":{"rendered":"<p>La soci\u00e9t\u00e9 GPR PARISIEN est sp\u00e9cialis\u00e9e en construction et r\u00e9novation. Nous nous sp\u00e9cialisons dans tous les services de ma\u00e7onnerie, y<\/p>\n","protected":false},"author":1,"featured_media":0,"parent":0,"menu_order":0,"comment_status":"closed","ping_status":"closed","template":"","meta":{"footnotes":""},"class_list":["post-32","page","type-page","status-publish","hentry"],"_links":{"self":[{"href":"https:\/\/gprparisien.com\/index.php?rest_route=\/wp\/v2\/pages\/32","targetHints":{"allow":["GET"]}}],"collection":[{"href":"https:\/\/gprparisien.com\/index.php?rest_route=\/wp\/v2\/pages"}],"about":[{"href":"https:\/\/gprparisien.com\/index.php?rest_route=\/wp\/v2\/types\/page"}],"author":[{"embeddable":true,"href":"https:\/\/gprparisien.com\/index.php?rest_route=\/wp\/v2\/users\/1"}],"replies":[{"embeddable":true,"href":"https:\/\/gprparisien.com\/index.php?rest_route=%2Fwp%2Fv2%2Fcomments&post=32"}],"version-history":[{"count":140,"href":"https:\/\/gprparisien.com\/index.php?rest_route=\/wp\/v2\/pages\/32\/revisions"}],"predecessor-version":[{"id":745,"href":"https:\/\/gprparisien.com\/index.php?rest_route=\/wp\/v2\/pages\/32\/revisions\/745"}],"wp:attachment":[{"href":"https:\/\/gprparisien.com\/index.php?rest_route=%2Fwp%2Fv2%2Fmedia&parent=32"}],"curies":[{"name":"wp","href":"https:\/\/api.w.org\/{rel}","templated":true}]}}