{"id":20,"date":"2023-08-05T08:36:00","date_gmt":"2023-08-05T07:36:00","guid":{"rendered":"https:\/\/groupe-mumtaz.fr\/?page_id=20"},"modified":"2023-08-07T10:16:23","modified_gmt":"2023-08-07T09:16:23","slug":"construction","status":"publish","type":"page","link":"https:\/\/gprparisien.com\/?page_id=20","title":{"rendered":"Construction"},"content":{"rendered":"<p>La construction est un pilier vital de la soci\u00e9t\u00e9 moderne, englobant l&#8217;art et la science de la construction de structures qui fa\u00e7onnent notre monde. Des gratte-ciel imposants qui touchent le ciel aux maisons humbles qui offrent abri et confort, la construction joue un r\u00f4le central pour r\u00e9pondre aux divers besoins de l&#8217;humanit\u00e9. Cette industrie aux multiples facettes exige un m\u00e9lange harmonieux de cr\u00e9ativit\u00e9, d&#8217;expertise en ing\u00e9nierie et de planification m\u00e9ticuleuse. Les architectes, les ing\u00e9nieurs et les ouvriers qualifi\u00e9s collaborent de mani\u00e8re transparente pour traduire les plans en \u00e9difices tangibles qui t\u00e9moignent de l&#8217;ing\u00e9niosit\u00e9 humaine. De plus, la construction d\u00e9passe le cadre visible, car elle tisse les fils de l&#8217;innovation, de la durabilit\u00e9 et de la s\u00e9curit\u00e9. Chaque projet de construction est le reflet des aspirations collectives d&#8217;une soci\u00e9t\u00e9, illustrant son progr\u00e8s, sa culture et ses aspirations pour l&#8217;avenir. Avec chaque structure \u00e9rig\u00e9e, la construction laisse une marque ind\u00e9l\u00e9bile sur le paysage, d\u00e9finissant l&#8217;essence d&#8217;une ville et fa\u00e7onnant la vie de ses habitants pour les g\u00e9n\u00e9rations \u00e0 venir.<\/p>\n<style>\/*! elementor - v3.13.2 - 11-05-2023 *\/\n.elementor-image-gallery .gallery-item{display:inline-block;text-align:center;vertical-align:top;width:100%;max-width:100%;margin:0 auto}.elementor-image-gallery .gallery-item img{margin:0 auto}.elementor-image-gallery .gallery-item .gallery-caption{margin:0}.elementor-image-gallery figure img{display:block}.elementor-image-gallery figure figcaption{width:100%}.gallery-spacing-custom .elementor-image-gallery .gallery-icon{padding:0}@media (min-width:768px){.elementor-image-gallery .gallery-columns-2 .gallery-item{max-width:50%}.elementor-image-gallery .gallery-columns-3 .gallery-item{max-width:33.33%}.elementor-image-gallery .gallery-columns-4 .gallery-item{max-width:25%}.elementor-image-gallery .gallery-columns-5 .gallery-item{max-width:20%}.elementor-image-gallery .gallery-columns-6 .gallery-item{max-width:16.666%}.elementor-image-gallery .gallery-columns-7 .gallery-item{max-width:14.28%}.elementor-image-gallery .gallery-columns-8 .gallery-item{max-width:12.5%}.elementor-image-gallery .gallery-columns-9 .gallery-item{max-width:11.11%}.elementor-image-gallery .gallery-columns-10 .gallery-item{max-width:10%}}@media (min-width:480px) and (max-width:767px){.elementor-image-gallery .gallery.gallery-columns-2 .gallery-item,.elementor-image-gallery .gallery.gallery-columns-3 .gallery-item,.elementor-image-gallery .gallery.gallery-columns-4 .gallery-item,.elementor-image-gallery .gallery.gallery-columns-5 .gallery-item,.elementor-image-gallery .gallery.gallery-columns-6 .gallery-item,.elementor-image-gallery .gallery.gallery-columns-7 .gallery-item,.elementor-image-gallery .gallery.gallery-columns-8 .gallery-item,.elementor-image-gallery .gallery.gallery-columns-9 .gallery-item,.elementor-image-gallery .gallery.gallery-columns-10 .gallery-item{max-width:50%}}@media (max-width:479px){.elementor-image-gallery .gallery.gallery-columns-2 .gallery-item,.elementor-image-gallery .gallery.gallery-columns-3 .gallery-item,.elementor-image-gallery .gallery.gallery-columns-4 .gallery-item,.elementor-image-gallery .gallery.gallery-columns-5 .gallery-item,.elementor-image-gallery .gallery.gallery-columns-6 .gallery-item,.elementor-image-gallery .gallery.gallery-columns-7 .gallery-item,.elementor-image-gallery .gallery.gallery-columns-8 .gallery-item,.elementor-image-gallery .gallery.gallery-columns-9 .gallery-item,.elementor-image-gallery .gallery.gallery-columns-10 .gallery-item{max-width:100%}}<\/style>\n<link rel=\"stylesheet\" id=\"wd-mfp-popup-css\" href=\"https:\/\/gprparisien.com\/wp-content\/themes\/woodmart\/css\/parts\/lib-magnific-popup.min.css?ver=7.0.4\" type=\"text\/css\" media=\"all\" \/>\n<style type=\"text\/css\">\n\t\t\t#gallery-1 {\n\t\t\t\tmargin: auto;\n\t\t\t}\n\t\t\t#gallery-1 .gallery-item {\n\t\t\t\tfloat: left;\n\t\t\t\tmargin-top: 10px;\n\t\t\t\ttext-align: center;\n\t\t\t\twidth: 50%;\n\t\t\t}\n\t\t\t#gallery-1 img {\n\t\t\t\tborder: 2px solid #cfcfcf;\n\t\t\t}\n\t\t\t#gallery-1 .gallery-caption {\n\t\t\t\tmargin-left: 0;\n\t\t\t}\n\t\t\t\/* see gallery_shortcode() in wp-includes\/media.php *\/\n\t\t<\/style>\n<dl class='gallery-item'>\n<dt class='gallery-icon landscape'>\n\t\t\t\t<a data-elementor-open-lightbox=\"yes\" data-elementor-lightbox-slideshow=\"9ed5fe2\" data-elementor-lightbox-title=\"istockphoto-1483517092-170667a\" data-e-action-hash=\"#elementor-action%3Aaction%3Dlightbox%26settings%3DeyJpZCI6Mjk3LCJ1cmwiOiJodHRwczpcL1wvZ3JvdXBlLW11bXRhei5mclwvd3AtY29udGVudFwvdXBsb2Fkc1wvMjAyM1wvMDhcL2lzdG9ja3Bob3RvLTE0ODM1MTcwOTItMTcwNjY3YS53ZWJwIiwic2xpZGVzaG93IjoiOWVkNWZlMiJ9\" href='https:\/\/gprparisien.com\/wp-content\/uploads\/2023\/08\/istockphoto-1483517092-170667a.webp'><img width=\"150\" height=\"150\" src=\"https:\/\/gprparisien.com\/wp-content\/uploads\/2023\/08\/istockphoto-1483517092-170667a-150x150.webp\" alt=\"\" decoding=\"async\" loading=\"lazy\" srcset=\"https:\/\/gprparisien.com\/wp-content\/uploads\/2023\/08\/istockphoto-1483517092-170667a-150x150.webp 150w, https:\/\/gprparisien.com\/wp-content\/uploads\/2023\/08\/istockphoto-1483517092-170667a-300x300.webp 300w\" sizes=\"auto, (max-width: 150px) 100vw, 150px\" \/><\/a>\n\t\t\t<\/dt>\n<\/dl>\n<dl class='gallery-item'>\n<dt class='gallery-icon landscape'>\n\t\t\t\t<a data-elementor-open-lightbox=\"yes\" data-elementor-lightbox-slideshow=\"9ed5fe2\" data-elementor-lightbox-title=\"istockphoto-174755927-170667a\" data-e-action-hash=\"#elementor-action%3Aaction%3Dlightbox%26settings%3DeyJpZCI6Mjk4LCJ1cmwiOiJodHRwczpcL1wvZ3JvdXBlLW11bXRhei5mclwvd3AtY29udGVudFwvdXBsb2Fkc1wvMjAyM1wvMDhcL2lzdG9ja3Bob3RvLTE3NDc1NTkyNy0xNzA2NjdhLndlYnAiLCJzbGlkZXNob3ciOiI5ZWQ1ZmUyIn0%3D\" href='https:\/\/gprparisien.com\/wp-content\/uploads\/2023\/08\/istockphoto-174755927-170667a.webp'><img width=\"150\" height=\"150\" src=\"https:\/\/gprparisien.com\/wp-content\/uploads\/2023\/08\/istockphoto-174755927-170667a-150x150.webp\" alt=\"\" decoding=\"async\" loading=\"lazy\" srcset=\"https:\/\/gprparisien.com\/wp-content\/uploads\/2023\/08\/istockphoto-174755927-170667a-150x150.webp 150w, https:\/\/gprparisien.com\/wp-content\/uploads\/2023\/08\/istockphoto-174755927-170667a-300x300.webp 300w\" sizes=\"auto, (max-width: 150px) 100vw, 150px\" \/><\/a>\n\t\t\t<\/dt>\n<\/dl>\n<p><br style=\"clear: both\" \/><\/p>\n<dl class='gallery-item'>\n<dt class='gallery-icon landscape'>\n\t\t\t\t<a data-elementor-open-lightbox=\"yes\" data-elementor-lightbox-slideshow=\"9ed5fe2\" data-elementor-lightbox-title=\"istockphoto-1440724175-170667a\" data-e-action-hash=\"#elementor-action%3Aaction%3Dlightbox%26settings%3DeyJpZCI6Mjk5LCJ1cmwiOiJodHRwczpcL1wvZ3JvdXBlLW11bXRhei5mclwvd3AtY29udGVudFwvdXBsb2Fkc1wvMjAyM1wvMDhcL2lzdG9ja3Bob3RvLTE0NDA3MjQxNzUtMTcwNjY3YS53ZWJwIiwic2xpZGVzaG93IjoiOWVkNWZlMiJ9\" href='https:\/\/gprparisien.com\/wp-content\/uploads\/2023\/08\/istockphoto-1440724175-170667a.webp'><img width=\"150\" height=\"150\" src=\"https:\/\/gprparisien.com\/wp-content\/uploads\/2023\/08\/istockphoto-1440724175-170667a-150x150.webp\" alt=\"\" decoding=\"async\" loading=\"lazy\" srcset=\"https:\/\/gprparisien.com\/wp-content\/uploads\/2023\/08\/istockphoto-1440724175-170667a-150x150.webp 150w, https:\/\/gprparisien.com\/wp-content\/uploads\/2023\/08\/istockphoto-1440724175-170667a-300x300.webp 300w\" sizes=\"auto, (max-width: 150px) 100vw, 150px\" \/><\/a>\n\t\t\t<\/dt>\n<\/dl>\n<dl class='gallery-item'>\n<dt class='gallery-icon landscape'>\n\t\t\t\t<a data-elementor-open-lightbox=\"yes\" data-elementor-lightbox-slideshow=\"9ed5fe2\" data-elementor-lightbox-title=\"istockphoto-1279308744-170667a\" data-e-action-hash=\"#elementor-action%3Aaction%3Dlightbox%26settings%3DeyJpZCI6MzAwLCJ1cmwiOiJodHRwczpcL1wvZ3JvdXBlLW11bXRhei5mclwvd3AtY29udGVudFwvdXBsb2Fkc1wvMjAyM1wvMDhcL2lzdG9ja3Bob3RvLTEyNzkzMDg3NDQtMTcwNjY3YS53ZWJwIiwic2xpZGVzaG93IjoiOWVkNWZlMiJ9\" href='https:\/\/gprparisien.com\/wp-content\/uploads\/2023\/08\/istockphoto-1279308744-170667a.webp'><img width=\"150\" height=\"150\" src=\"https:\/\/gprparisien.com\/wp-content\/uploads\/2023\/08\/istockphoto-1279308744-170667a-150x150.webp\" alt=\"\" decoding=\"async\" loading=\"lazy\" srcset=\"https:\/\/gprparisien.com\/wp-content\/uploads\/2023\/08\/istockphoto-1279308744-170667a-150x150.webp 150w, https:\/\/gprparisien.com\/wp-content\/uploads\/2023\/08\/istockphoto-1279308744-170667a-300x300.webp 300w\" sizes=\"auto, (max-width: 150px) 100vw, 150px\" \/><\/a>\n\t\t\t<\/dt>\n<\/dl>\n<p><br style=\"clear: both\" \/><\/p>\n<dl class='gallery-item'>\n<dt class='gallery-icon portrait'>\n\t\t\t\t<a data-elementor-open-lightbox=\"yes\" data-elementor-lightbox-slideshow=\"9ed5fe2\" data-elementor-lightbox-title=\"istockphoto-1453264127-170667a\" data-e-action-hash=\"#elementor-action%3Aaction%3Dlightbox%26settings%3DeyJpZCI6MzAxLCJ1cmwiOiJodHRwczpcL1wvZ3JvdXBlLW11bXRhei5mclwvd3AtY29udGVudFwvdXBsb2Fkc1wvMjAyM1wvMDhcL2lzdG9ja3Bob3RvLTE0NTMyNjQxMjctMTcwNjY3YS53ZWJwIiwic2xpZGVzaG93IjoiOWVkNWZlMiJ9\" href='https:\/\/gprparisien.com\/wp-content\/uploads\/2023\/08\/istockphoto-1453264127-170667a.webp'><img width=\"150\" height=\"150\" src=\"https:\/\/gprparisien.com\/wp-content\/uploads\/2023\/08\/istockphoto-1453264127-170667a-150x150.webp\" alt=\"\" decoding=\"async\" loading=\"lazy\" srcset=\"https:\/\/gprparisien.com\/wp-content\/uploads\/2023\/08\/istockphoto-1453264127-170667a-150x150.webp 150w, https:\/\/gprparisien.com\/wp-content\/uploads\/2023\/08\/istockphoto-1453264127-170667a-300x300.webp 300w\" sizes=\"auto, (max-width: 150px) 100vw, 150px\" \/><\/a>\n\t\t\t<\/dt>\n<\/dl>\n<dl class='gallery-item'>\n<dt class='gallery-icon landscape'>\n\t\t\t\t<a data-elementor-open-lightbox=\"yes\" data-elementor-lightbox-slideshow=\"9ed5fe2\" data-elementor-lightbox-title=\"istockphoto-1452522408-170667a\" data-e-action-hash=\"#elementor-action%3Aaction%3Dlightbox%26settings%3DeyJpZCI6MzAyLCJ1cmwiOiJodHRwczpcL1wvZ3JvdXBlLW11bXRhei5mclwvd3AtY29udGVudFwvdXBsb2Fkc1wvMjAyM1wvMDhcL2lzdG9ja3Bob3RvLTE0NTI1MjI0MDgtMTcwNjY3YS53ZWJwIiwic2xpZGVzaG93IjoiOWVkNWZlMiJ9\" href='https:\/\/gprparisien.com\/wp-content\/uploads\/2023\/08\/istockphoto-1452522408-170667a.webp'><img width=\"150\" height=\"150\" src=\"https:\/\/gprparisien.com\/wp-content\/uploads\/2023\/08\/istockphoto-1452522408-170667a-150x150.webp\" alt=\"\" decoding=\"async\" loading=\"lazy\" srcset=\"https:\/\/gprparisien.com\/wp-content\/uploads\/2023\/08\/istockphoto-1452522408-170667a-150x150.webp 150w, https:\/\/gprparisien.com\/wp-content\/uploads\/2023\/08\/istockphoto-1452522408-170667a-300x300.webp 300w\" sizes=\"auto, (max-width: 150px) 100vw, 150px\" \/><\/a>\n\t\t\t<\/dt>\n<\/dl>\n<p><br style=\"clear: both\" \/><\/p>\n<dl class='gallery-item'>\n<dt class='gallery-icon landscape'>\n\t\t\t\t<a data-elementor-open-lightbox=\"yes\" data-elementor-lightbox-slideshow=\"9ed5fe2\" data-elementor-lightbox-title=\"istockphoto-172644964-170667a\" data-e-action-hash=\"#elementor-action%3Aaction%3Dlightbox%26settings%3DeyJpZCI6MzAzLCJ1cmwiOiJodHRwczpcL1wvZ3JvdXBlLW11bXRhei5mclwvd3AtY29udGVudFwvdXBsb2Fkc1wvMjAyM1wvMDhcL2lzdG9ja3Bob3RvLTE3MjY0NDk2NC0xNzA2NjdhLndlYnAiLCJzbGlkZXNob3ciOiI5ZWQ1ZmUyIn0%3D\" href='https:\/\/gprparisien.com\/wp-content\/uploads\/2023\/08\/istockphoto-172644964-170667a.webp'><img width=\"150\" height=\"150\" src=\"https:\/\/gprparisien.com\/wp-content\/uploads\/2023\/08\/istockphoto-172644964-170667a-150x150.webp\" alt=\"\" decoding=\"async\" loading=\"lazy\" srcset=\"https:\/\/gprparisien.com\/wp-content\/uploads\/2023\/08\/istockphoto-172644964-170667a-150x150.webp 150w, https:\/\/gprparisien.com\/wp-content\/uploads\/2023\/08\/istockphoto-172644964-170667a-300x300.webp 300w\" sizes=\"auto, (max-width: 150px) 100vw, 150px\" \/><\/a>\n\t\t\t<\/dt>\n<\/dl>\n<dl class='gallery-item'>\n<dt class='gallery-icon landscape'>\n\t\t\t\t<a data-elementor-open-lightbox=\"yes\" data-elementor-lightbox-slideshow=\"9ed5fe2\" data-elementor-lightbox-title=\"istockphoto-1463494919-170667a\" data-e-action-hash=\"#elementor-action%3Aaction%3Dlightbox%26settings%3DeyJpZCI6MzA0LCJ1cmwiOiJodHRwczpcL1wvZ3JvdXBlLW11bXRhei5mclwvd3AtY29udGVudFwvdXBsb2Fkc1wvMjAyM1wvMDhcL2lzdG9ja3Bob3RvLTE0NjM0OTQ5MTktMTcwNjY3YS53ZWJwIiwic2xpZGVzaG93IjoiOWVkNWZlMiJ9\" href='https:\/\/gprparisien.com\/wp-content\/uploads\/2023\/08\/istockphoto-1463494919-170667a.webp'><img width=\"150\" height=\"150\" src=\"https:\/\/gprparisien.com\/wp-content\/uploads\/2023\/08\/istockphoto-1463494919-170667a-150x150.webp\" alt=\"\" decoding=\"async\" loading=\"lazy\" srcset=\"https:\/\/gprparisien.com\/wp-content\/uploads\/2023\/08\/istockphoto-1463494919-170667a-150x150.webp 150w, https:\/\/gprparisien.com\/wp-content\/uploads\/2023\/08\/istockphoto-1463494919-170667a-300x300.webp 300w\" sizes=\"auto, (max-width: 150px) 100vw, 150px\" \/><\/a>\n\t\t\t<\/dt>\n<\/dl>\n<p><br style=\"clear: both\" \/><\/p>\n<dl class='gallery-item'>\n<dt class='gallery-icon landscape'>\n\t\t\t\t<a data-elementor-open-lightbox=\"yes\" data-elementor-lightbox-slideshow=\"9ed5fe2\" data-elementor-lightbox-title=\"istockphoto-1007395898-170667a\" data-e-action-hash=\"#elementor-action%3Aaction%3Dlightbox%26settings%3DeyJpZCI6MzA1LCJ1cmwiOiJodHRwczpcL1wvZ3JvdXBlLW11bXRhei5mclwvd3AtY29udGVudFwvdXBsb2Fkc1wvMjAyM1wvMDhcL2lzdG9ja3Bob3RvLTEwMDczOTU4OTgtMTcwNjY3YS53ZWJwIiwic2xpZGVzaG93IjoiOWVkNWZlMiJ9\" href='https:\/\/gprparisien.com\/wp-content\/uploads\/2023\/08\/istockphoto-1007395898-170667a.webp'><img width=\"150\" height=\"150\" src=\"https:\/\/gprparisien.com\/wp-content\/uploads\/2023\/08\/istockphoto-1007395898-170667a-150x150.webp\" alt=\"\" decoding=\"async\" loading=\"lazy\" srcset=\"https:\/\/gprparisien.com\/wp-content\/uploads\/2023\/08\/istockphoto-1007395898-170667a-150x150.webp 150w, https:\/\/gprparisien.com\/wp-content\/uploads\/2023\/08\/istockphoto-1007395898-170667a-300x300.webp 300w\" sizes=\"auto, (max-width: 150px) 100vw, 150px\" \/><\/a>\n\t\t\t<\/dt>\n<\/dl>\n<dl class='gallery-item'>\n<dt class='gallery-icon landscape'>\n\t\t\t\t<a data-elementor-open-lightbox=\"yes\" data-elementor-lightbox-slideshow=\"9ed5fe2\" data-elementor-lightbox-title=\"istockphoto-1485036562-170667a\" data-e-action-hash=\"#elementor-action%3Aaction%3Dlightbox%26settings%3DeyJpZCI6MzA2LCJ1cmwiOiJodHRwczpcL1wvZ3JvdXBlLW11bXRhei5mclwvd3AtY29udGVudFwvdXBsb2Fkc1wvMjAyM1wvMDhcL2lzdG9ja3Bob3RvLTE0ODUwMzY1NjItMTcwNjY3YS53ZWJwIiwic2xpZGVzaG93IjoiOWVkNWZlMiJ9\" href='https:\/\/gprparisien.com\/wp-content\/uploads\/2023\/08\/istockphoto-1485036562-170667a.webp'><img width=\"150\" height=\"150\" src=\"https:\/\/gprparisien.com\/wp-content\/uploads\/2023\/08\/istockphoto-1485036562-170667a-150x150.webp\" alt=\"\" decoding=\"async\" loading=\"lazy\" srcset=\"https:\/\/gprparisien.com\/wp-content\/uploads\/2023\/08\/istockphoto-1485036562-170667a-150x150.webp 150w, https:\/\/gprparisien.com\/wp-content\/uploads\/2023\/08\/istockphoto-1485036562-170667a-300x300.webp 300w\" sizes=\"auto, (max-width: 150px) 100vw, 150px\" \/><\/a>\n\t\t\t<\/dt>\n<\/dl>\n<p><br style=\"clear: both\" \/><\/p>\n","protected":false},"excerpt":{"rendered":"<p>La construction est un pilier vital de la soci\u00e9t\u00e9 moderne, englobant l&#8217;art et la science de la construction de structures<\/p>\n","protected":false},"author":1,"featured_media":0,"parent":0,"menu_order":0,"comment_status":"closed","ping_status":"closed","template":"","meta":{"footnotes":""},"class_list":["post-20","page","type-page","status-publish","hentry"],"_links":{"self":[{"href":"https:\/\/gprparisien.com\/index.php?rest_route=\/wp\/v2\/pages\/20","targetHints":{"allow":["GET"]}}],"collection":[{"href":"https:\/\/gprparisien.com\/index.php?rest_route=\/wp\/v2\/pages"}],"about":[{"href":"https:\/\/gprparisien.com\/index.php?rest_route=\/wp\/v2\/types\/page"}],"author":[{"embeddable":true,"href":"https:\/\/gprparisien.com\/index.php?rest_route=\/wp\/v2\/users\/1"}],"replies":[{"embeddable":true,"href":"https:\/\/gprparisien.com\/index.php?rest_route=%2Fwp%2Fv2%2Fcomments&post=20"}],"version-history":[{"count":13,"href":"https:\/\/gprparisien.com\/index.php?rest_route=\/wp\/v2\/pages\/20\/revisions"}],"predecessor-version":[{"id":529,"href":"https:\/\/gprparisien.com\/index.php?rest_route=\/wp\/v2\/pages\/20\/revisions\/529"}],"wp:attachment":[{"href":"https:\/\/gprparisien.com\/index.php?rest_route=%2Fwp%2Fv2%2Fmedia&parent=20"}],"curies":[{"name":"wp","href":"https:\/\/api.w.org\/{rel}","templated":true}]}}